{"id":810,"date":"2023-01-24T08:09:42","date_gmt":"2023-01-24T08:09:42","guid":{"rendered":"https:\/\/demosites.royal-elementor-addons.com\/car-repair-v1\/?page_id=7"},"modified":"2023-10-31T19:09:19","modified_gmt":"2023-10-31T19:09:19","slug":"home-car-repair-v1","status":"publish","type":"page","link":"https:\/\/iracerentals.com\/pt\/","title":{"rendered":"Home"},"content":{"rendered":"<div data-elementor-type=\"wp-page\" data-elementor-id=\"810\" class=\"elementor elementor-810\" data-elementor-post-type=\"page\">\n\t\t\t\t\t\t\t\t\t<section class=\"elementor-section elementor-top-section elementor-element elementor-element-9851aab elementor-section-height-min-height elementor-section-boxed elementor-section-height-default elementor-section-items-middle wpr-particle-no wpr-jarallax-no wpr-parallax-no wpr-sticky-section-no\" data-id=\"9851aab\" data-element_type=\"section\" data-settings=\"{&quot;background_background&quot;:&quot;classic&quot;,&quot;shape_divider_bottom&quot;:&quot;opacity-tilt&quot;}\">\n\t\t\t\t\t\t\t<div class=\"elementor-background-overlay\"><\/div>\n\t\t\t\t\t\t<div class=\"elementor-shape elementor-shape-bottom\" data-negative=\"false\">\n\t\t\t<svg xmlns=\"http:\/\/www.w3.org\/2000\/svg\" viewbox=\"0 0 2600 131.1\" preserveaspectratio=\"none\">\n\t<path class=\"elementor-shape-fill\" d=\"M0 0L2600 0 2600 69.1 0 0z\"\/>\n\t<path class=\"elementor-shape-fill\" style=\"opacity:0.5\" d=\"M0 0L2600 0 2600 69.1 0 69.1z\"\/>\n\t<path class=\"elementor-shape-fill\" style=\"opacity:0.25\" d=\"M2600 0L0 0 0 130.1 2600 69.1z\"\/>\n<\/svg>\t\t<\/div>\n\t\t\t\t\t<div class=\"elementor-container elementor-column-gap-default\">\n\t\t\t\t\t<div class=\"elementor-column elementor-col-50 elementor-top-column elementor-element elementor-element-e1726a4 elementor-invisible\" data-id=\"e1726a4\" data-element_type=\"column\" data-settings=\"{&quot;animation&quot;:&quot;fadeIn&quot;}\">\n\t\t\t<div class=\"elementor-widget-wrap elementor-element-populated\">\n\t\t\t\t\t\t\t\t<div class=\"elementor-element elementor-element-13435c0 elementor-widget elementor-widget-heading\" data-id=\"13435c0\" data-element_type=\"widget\" data-widget_type=\"heading.default\">\n\t\t\t\t<div class=\"elementor-widget-container\">\n\t\t\t<style>\/*! elementor - v3.16.0 - 20-09-2023 *\/\n.elementor-heading-title{padding:0;margin:0;line-height:1}.elementor-widget-heading .elementor-heading-title[class*=elementor-size-]>a{color:inherit;font-size:inherit;line-height:inherit}.elementor-widget-heading .elementor-heading-title.elementor-size-small{font-size:15px}.elementor-widget-heading .elementor-heading-title.elementor-size-medium{font-size:19px}.elementor-widget-heading .elementor-heading-title.elementor-size-large{font-size:29px}.elementor-widget-heading .elementor-heading-title.elementor-size-xl{font-size:39px}.elementor-widget-heading .elementor-heading-title.elementor-size-xxl{font-size:59px}<\/style><h2 class=\"elementor-heading-title elementor-size-default\">professional<\/h2>\t\t<\/div>\n\t\t\t\t<\/div>\n\t\t\t\t<div class=\"elementor-element elementor-element-7fe714c elementor-widget elementor-widget-heading\" data-id=\"7fe714c\" data-element_type=\"widget\" data-widget_type=\"heading.default\">\n\t\t\t\t<div class=\"elementor-widget-container\">\n\t\t\t<h2 class=\"elementor-heading-title elementor-size-default\">irace rentals<\/h2>\t\t<\/div>\n\t\t\t\t<\/div>\n\t\t\t\t<div class=\"elementor-element elementor-element-ac22ac2 elementor-widget elementor-widget-text-editor\" data-id=\"ac22ac2\" data-element_type=\"widget\" data-widget_type=\"text-editor.default\">\n\t\t\t\t<div class=\"elementor-widget-container\">\n\t\t\t<style>\/*! elementor - v3.16.0 - 20-09-2023 *\/\n.elementor-widget-text-editor.elementor-drop-cap-view-stacked .elementor-drop-cap{background-color:#69727d;color:#fff}.elementor-widget-text-editor.elementor-drop-cap-view-framed .elementor-drop-cap{color:#69727d;border:3px solid;background-color:transparent}.elementor-widget-text-editor:not(.elementor-drop-cap-view-default) .elementor-drop-cap{margin-top:8px}.elementor-widget-text-editor:not(.elementor-drop-cap-view-default) .elementor-drop-cap-letter{width:1em;height:1em}.elementor-widget-text-editor .elementor-drop-cap{float:left;text-align:center;line-height:1;font-size:50px}.elementor-widget-text-editor .elementor-drop-cap-letter{display:inline-block}<\/style>\t\t\t\tDescubra a comodidade e flexibilidade de alugar carros conosco. Oferecemos uma ampla variedade de ve\u00edculos para atender \u00e0s suas necessidades de viagem. Reserve agora e comece sua jornada!\t\t\t\t\t\t<\/div>\n\t\t\t\t<\/div>\n\t\t\t\t<div class=\"elementor-element elementor-element-f0a0ee4 elementor-widget elementor-widget-button\" data-id=\"f0a0ee4\" data-element_type=\"widget\" data-widget_type=\"button.default\">\n\t\t\t\t<div class=\"elementor-widget-container\">\n\t\t\t\t\t<div class=\"elementor-button-wrapper\">\n\t\t\t<a class=\"elementor-button elementor-button-link elementor-size-lg\" href=\"index.php\/catalog\/\">\n\t\t\t\t\t\t<span class=\"elementor-button-content-wrapper\">\n\t\t\t\t\t\t<span class=\"elementor-button-text\">VEJA NOSSO CAT\u00c1LOGO<\/span>\n\t\t<\/span>\n\t\t\t\t\t<\/a>\n\t\t<\/div>\n\t\t\t\t<\/div>\n\t\t\t\t<\/div>\n\t\t\t\t\t<\/div>\n\t\t<\/div>\n\t\t\t\t<div class=\"elementor-column elementor-col-50 elementor-top-column elementor-element elementor-element-bb6cc0b elementor-hidden-tablet elementor-hidden-mobile\" data-id=\"bb6cc0b\" data-element_type=\"column\">\n\t\t\t<div class=\"elementor-widget-wrap\">\n\t\t\t\t\t\t\t\t\t<\/div>\n\t\t<\/div>\n\t\t\t\t\t\t\t<\/div>\n\t\t<\/section>\n\t\t\t\t<section class=\"elementor-section elementor-top-section elementor-element elementor-element-fef7c73 elementor-section-boxed elementor-section-height-default elementor-section-height-default wpr-particle-no wpr-jarallax-no wpr-parallax-no wpr-sticky-section-no\" data-id=\"fef7c73\" data-element_type=\"section\">\n\t\t\t\t\t\t<div class=\"elementor-container elementor-column-gap-default\">\n\t\t\t\t\t<div class=\"elementor-column elementor-col-100 elementor-top-column elementor-element elementor-element-9318566\" data-id=\"9318566\" data-element_type=\"column\">\n\t\t\t<div class=\"elementor-widget-wrap elementor-element-populated\">\n\t\t\t\t\t\t\t\t<div class=\"elementor-element elementor-element-b481f9b elementor-widget elementor-widget-heading\" data-id=\"b481f9b\" data-element_type=\"widget\" data-widget_type=\"heading.default\">\n\t\t\t\t<div class=\"elementor-widget-container\">\n\t\t\t<h2 class=\"elementor-heading-title elementor-size-default\">NOSSO SERVI\u00c7O<\/h2>\t\t<\/div>\n\t\t\t\t<\/div>\n\t\t\t\t<div class=\"elementor-element elementor-element-09d2a22 elementor-widget elementor-widget-heading\" data-id=\"09d2a22\" data-element_type=\"widget\" data-widget_type=\"heading.default\">\n\t\t\t\t<div class=\"elementor-widget-container\">\n\t\t\t<h2 class=\"elementor-heading-title elementor-size-default\">D\u00ea uma olhada em nosso cat\u00e1logo<\/h2>\t\t<\/div>\n\t\t\t\t<\/div>\n\t\t\t\t<div class=\"elementor-element elementor-element-c0453c0 elementor-widget elementor-widget-text-editor\" data-id=\"c0453c0\" data-element_type=\"widget\" data-widget_type=\"text-editor.default\">\n\t\t\t\t<div class=\"elementor-widget-container\">\n\t\t\t\t\t\t\t<p>D\u00ea uma olhada em nosso cat\u00e1logo e descubra uma sele\u00e7\u00e3o excepcional de op\u00e7\u00f5es para cada estilo de viagem. Desde carros compactos, ideais para jornadas urbanas, at\u00e9 SUVs espa\u00e7osos, perfeitos para jornadas em fam\u00edlia, nosso cat\u00e1logo cobre todas as suas necessidades de aluguel de autom\u00f3veis. Navegue agora e encontre o ve\u00edculo perfeito para transformar sua viagem em uma experi\u00eancia inesquec\u00edvel. Embarque na liberdade de escolha!<\/p>\t\t\t\t\t\t<\/div>\n\t\t\t\t<\/div>\n\t\t\t\t<div class=\"elementor-element elementor-element-a8878a8 elementor-widget elementor-widget-button\" data-id=\"a8878a8\" data-element_type=\"widget\" data-widget_type=\"button.default\">\n\t\t\t\t<div class=\"elementor-widget-container\">\n\t\t\t\t\t<div class=\"elementor-button-wrapper\">\n\t\t\t<a class=\"elementor-button elementor-button-link elementor-size-lg\" href=\"index.php\/catalog\/\">\n\t\t\t\t\t\t<span class=\"elementor-button-content-wrapper\">\n\t\t\t\t\t\t<span class=\"elementor-button-text\">CAT\u00c1LOGO COMPLETO<\/span>\n\t\t<\/span>\n\t\t\t\t\t<\/a>\n\t\t<\/div>\n\t\t\t\t<\/div>\n\t\t\t\t<\/div>\n\t\t\t\t<div data-eael-wrapper-link=\"{&quot;url&quot;:&quot;https:\\\/\\\/iracerentals.com\\\/contact\\\/&quot;,&quot;is_external&quot;:&quot;&quot;,&quot;nofollow&quot;:&quot;&quot;}\" class=\"elementor-element elementor-element-2927999 elementor-widget elementor-widget-wp-widget-mod_vikrentcar_cars\" data-id=\"2927999\" data-element_type=\"widget\" data-widget_type=\"wp-widget-mod_vikrentcar_cars.default\">\n\t\t\t\t<div class=\"elementor-widget-container\">\n\t\t\t<h5>Escolha seu carro e Entre em Contato<\/h5><div class=\"vrcmodcarsgridcontainer column-container wrap\">\n\t<div>\n\t\t<div id=\"vrc-modcars-153\" class=\"owl-carousel owl-theme vrcmodcarsgridcont-items vrcmodcarsgridhorizontal row-fluid\">\n\t\t\t\t\t<div class=\"vrc-modcars-item\" style=\"\" data-groups='[\"Sedan\"]'>\n\n\t\t\t\t<figure class=\"vrcmodcarsgridcont-item\">\n\t\t\t\t\t<div class=\"vrcmodcarsgridboxdiv\">\t\n\t\t\t\t\t\t\t\t\t\t\t\t<a href=\"https:\/\/iracerentals.com\/pt\/?option=com_vikrentcar&amp;view=cardetails&amp;carid=4\"><img decoding=\"async\" src=\"https:\/\/iracerentals.com\/wp-content\/plugins\/vikrentcar\/admin\/resources\/2018_toyota_prius_prime_-_white.jfif\" alt=\"\" class=\"vrcmodcarsgridimg\"\/><\/a>\n\t\t\t\t\t\t\t\t\t\t\t\t<div class=\"vrcmodcarsgrid-item_details\">\n\t\t\t\t\t\t<figcaption class=\"vrcmodcarsgrid-item_title\">2018 Toyota Prius Prime - White<\/figcaption>\n\t\t\t\t        \t\t\t\t\t\t\t\t\t\t\t\t<div class=\"vrcmodcarsgrid-box-cost\">\n\t\t\t\t\t\t\t<span class=\"vrcmodcarsgridstartfrom\">Starting from<\/span>\n\t\t\t\t\t\t\t<span class=\"vrcmodcarsgridcarcost\"><span class=\"vrc_currency\">$<\/span> <span class=\"vrc_price\">50.00<\/span><\/span>\n\t\t\t\t\t\t<\/div>\n\t\t\t\t\t\t\t\t\t\t        <\/div>\n\t\t\t\t\t\t<div class=\"vrcmodcarsgridview\">\n\t\t\t\t\t\t\t<a class=\"btn btn-vrcmodcarsgrid-btn vrc-pref-color-btn\" href=\"https:\/\/iracerentals.com\/pt\/?option=com_vikrentcar&amp;view=cardetails&amp;carid=4\">Continue<\/a>\n\t\t\t\t\t\t<\/div>\n\t\t\t\t\t\t<div class=\"vrcmodcarsgrid-item-btm\">\n\t\t\t\t\t        \t\t\t\t\t\t\t<div class=\"vrcmodcarsgrid-item_cat\">Sedan<\/div>\n\t\t\t\t\t\t\t\t\t\t\t\t\t\t<div class=\"vrcmodcarsgrid-item_carat\"><\/div>\n\t\t\t\t\t\t<\/div>\n\t\t\t\t\t<\/div>\t\n\t\t\t\t<\/figure>\n\t\t\t<\/div>\n\t\t\t\t\t\t<div class=\"vrc-modcars-item\" style=\"\" data-groups='[\"SUV\"]'>\n\n\t\t\t\t<figure class=\"vrcmodcarsgridcont-item\">\n\t\t\t\t\t<div class=\"vrcmodcarsgridboxdiv\">\t\n\t\t\t\t\t\t\t\t\t\t\t\t<a href=\"https:\/\/iracerentals.com\/pt\/?option=com_vikrentcar&amp;view=cardetails&amp;carid=5\"><img decoding=\"async\" src=\"https:\/\/iracerentals.com\/wp-content\/plugins\/vikrentcar\/admin\/resources\/2021_toyota_rav4_-_white.jpg\" alt=\"\" class=\"vrcmodcarsgridimg\"\/><\/a>\n\t\t\t\t\t\t\t\t\t\t\t\t<div class=\"vrcmodcarsgrid-item_details\">\n\t\t\t\t\t\t<figcaption class=\"vrcmodcarsgrid-item_title\">2021 Toyota Rav4 - Branco<\/figcaption>\n\t\t\t\t        \t\t\t\t\t\t\t\t\t\t\t\t<div class=\"vrcmodcarsgrid-box-cost\">\n\t\t\t\t\t\t\t<span class=\"vrcmodcarsgridstartfrom\">Starting from<\/span>\n\t\t\t\t\t\t\t<span class=\"vrcmodcarsgridcarcost\"><span class=\"vrc_currency\">$<\/span> <span class=\"vrc_price\">50.00<\/span><\/span>\n\t\t\t\t\t\t<\/div>\n\t\t\t\t\t\t\t\t\t\t        <\/div>\n\t\t\t\t\t\t<div class=\"vrcmodcarsgridview\">\n\t\t\t\t\t\t\t<a class=\"btn btn-vrcmodcarsgrid-btn vrc-pref-color-btn\" href=\"https:\/\/iracerentals.com\/pt\/?option=com_vikrentcar&amp;view=cardetails&amp;carid=5\">Continue<\/a>\n\t\t\t\t\t\t<\/div>\n\t\t\t\t\t\t<div class=\"vrcmodcarsgrid-item-btm\">\n\t\t\t\t\t        \t\t\t\t\t\t\t<div class=\"vrcmodcarsgrid-item_cat\">SUV<\/div>\n\t\t\t\t\t\t\t\t\t\t\t\t\t\t<div class=\"vrcmodcarsgrid-item_carat\"><\/div>\n\t\t\t\t\t\t<\/div>\n\t\t\t\t\t<\/div>\t\n\t\t\t\t<\/figure>\n\t\t\t<\/div>\n\t\t\t\t\t\t<div class=\"vrc-modcars-item\" style=\"\" data-groups='[\"Sedan\"]'>\n\n\t\t\t\t<figure class=\"vrcmodcarsgridcont-item\">\n\t\t\t\t\t<div class=\"vrcmodcarsgridboxdiv\">\t\n\t\t\t\t\t\t\t\t\t\t\t\t<a href=\"https:\/\/iracerentals.com\/pt\/?option=com_vikrentcar&amp;view=cardetails&amp;carid=6\"><img decoding=\"async\" src=\"https:\/\/iracerentals.com\/wp-content\/plugins\/vikrentcar\/admin\/resources\/2022_toyota_corolla_le_-_silver.jpg\" alt=\"\" class=\"vrcmodcarsgridimg\"\/><\/a>\n\t\t\t\t\t\t\t\t\t\t\t\t<div class=\"vrcmodcarsgrid-item_details\">\n\t\t\t\t\t\t<figcaption class=\"vrcmodcarsgrid-item_title\">2022 Toyota Corolla LE - Prata<\/figcaption>\n\t\t\t\t        \t\t\t\t\t\t\t\t\t\t\t\t<div class=\"vrcmodcarsgrid-box-cost\">\n\t\t\t\t\t\t\t<span class=\"vrcmodcarsgridstartfrom\">Starting from<\/span>\n\t\t\t\t\t\t\t<span class=\"vrcmodcarsgridcarcost\"><span class=\"vrc_currency\">$<\/span> <span class=\"vrc_price\">50.00<\/span><\/span>\n\t\t\t\t\t\t<\/div>\n\t\t\t\t\t\t\t\t\t\t        <\/div>\n\t\t\t\t\t\t<div class=\"vrcmodcarsgridview\">\n\t\t\t\t\t\t\t<a class=\"btn btn-vrcmodcarsgrid-btn vrc-pref-color-btn\" href=\"https:\/\/iracerentals.com\/pt\/?option=com_vikrentcar&amp;view=cardetails&amp;carid=6\">Continue<\/a>\n\t\t\t\t\t\t<\/div>\n\t\t\t\t\t\t<div class=\"vrcmodcarsgrid-item-btm\">\n\t\t\t\t\t        \t\t\t\t\t\t\t<div class=\"vrcmodcarsgrid-item_cat\">Sedan<\/div>\n\t\t\t\t\t\t\t\t\t\t\t\t\t\t<div class=\"vrcmodcarsgrid-item_carat\"><\/div>\n\t\t\t\t\t\t<\/div>\n\t\t\t\t\t<\/div>\t\n\t\t\t\t<\/figure>\n\t\t\t<\/div>\n\t\t\t\t\t\t<div class=\"vrc-modcars-item\" style=\"\" data-groups='[\"SUV\"]'>\n\n\t\t\t\t<figure class=\"vrcmodcarsgridcont-item\">\n\t\t\t\t\t<div class=\"vrcmodcarsgridboxdiv\">\t\n\t\t\t\t\t\t\t\t\t\t\t\t<a href=\"https:\/\/iracerentals.com\/pt\/?option=com_vikrentcar&amp;view=cardetails&amp;carid=7\"><img decoding=\"async\" src=\"https:\/\/iracerentals.com\/wp-content\/plugins\/vikrentcar\/admin\/resources\/2021_toyota_rav4_-_black.jpg\" alt=\"\" class=\"vrcmodcarsgridimg\"\/><\/a>\n\t\t\t\t\t\t\t\t\t\t\t\t<div class=\"vrcmodcarsgrid-item_details\">\n\t\t\t\t\t\t<figcaption class=\"vrcmodcarsgrid-item_title\">2021 Toyota Rav4 - Preto<\/figcaption>\n\t\t\t\t        \t\t\t\t\t\t\t\t\t\t\t\t<div class=\"vrcmodcarsgrid-box-cost\">\n\t\t\t\t\t\t\t<span class=\"vrcmodcarsgridstartfrom\">Starting from<\/span>\n\t\t\t\t\t\t\t<span class=\"vrcmodcarsgridcarcost\"><span class=\"vrc_currency\">$<\/span> <span class=\"vrc_price\">50.00<\/span><\/span>\n\t\t\t\t\t\t<\/div>\n\t\t\t\t\t\t\t\t\t\t        <\/div>\n\t\t\t\t\t\t<div class=\"vrcmodcarsgridview\">\n\t\t\t\t\t\t\t<a class=\"btn btn-vrcmodcarsgrid-btn vrc-pref-color-btn\" href=\"https:\/\/iracerentals.com\/pt\/?option=com_vikrentcar&amp;view=cardetails&amp;carid=7\">Continue<\/a>\n\t\t\t\t\t\t<\/div>\n\t\t\t\t\t\t<div class=\"vrcmodcarsgrid-item-btm\">\n\t\t\t\t\t        \t\t\t\t\t\t\t<div class=\"vrcmodcarsgrid-item_cat\">SUV<\/div>\n\t\t\t\t\t\t\t\t\t\t\t\t\t\t<div class=\"vrcmodcarsgrid-item_carat\"><\/div>\n\t\t\t\t\t\t<\/div>\n\t\t\t\t\t<\/div>\t\n\t\t\t\t<\/figure>\n\t\t\t<\/div>\n\t\t\t\t\t<\/div>\n\t<\/div>\n<\/div>\n\n\t<script type=\"text\/javascript\">\n\tjQuery(document).ready(function(){ \n\t\tjQuery(\"#vrc-modcars-153\").owlCarousel({\n\t\t\titems : 4,\n\t\t\tautoplay : false,\n\t\t\tnav : true,\n\t\t\tdots : true,\n\t\t\tlazyLoad : true,\n\t\t\tresponsiveClass: true,\n\t\t\tresponsive: {\n\t\t\t0: {\n\t\t\t\titems: 1,\n\t\t\t\tnav: true\n\t\t\t},\n\t\t\t\t\t\t\t600: {\n\t\t\t\t\titems:2,\n\t\t\t\t\tnav: true\n\t\t\t\t},\n\t\t\t\t\t\t\t\t\t\t820: {\n\t\t\t\t\titems: 3,\n\t\t\t\t\tnav: true\n\t\t\t\t},\n\t\t\t\t\t\t1024: {\n\t\t\t\titems: 4,\n\t\t\t\tnav: true\n\t\t\t}\n\t\t}\n\t\t});\n\t\t\t});\n\t<\/script>\n\t\t<\/div>\n\t\t\t\t<\/div>\n\t\t\t\t\t<\/div>\n\t\t<\/div>\n\t\t\t\t\t\t\t<\/div>\n\t\t<\/section>\n\t\t\t\t<section class=\"elementor-section elementor-top-section elementor-element elementor-element-935da64 elementor-section-boxed elementor-section-height-default elementor-section-height-default wpr-particle-no wpr-jarallax-no wpr-parallax-no wpr-sticky-section-no\" data-id=\"935da64\" data-element_type=\"section\" data-settings=\"{&quot;background_background&quot;:&quot;classic&quot;}\">\n\t\t\t\t\t\t<div class=\"elementor-container elementor-column-gap-wide\">\n\t\t\t\t\t<div class=\"elementor-column elementor-col-50 elementor-top-column elementor-element elementor-element-6d33ab1 elementor-hidden-tablet elementor-hidden-mobile\" data-id=\"6d33ab1\" data-element_type=\"column\">\n\t\t\t<div class=\"elementor-widget-wrap elementor-element-populated\">\n\t\t\t\t\t\t\t\t<div class=\"elementor-element elementor-element-87bc76b elementor-widget elementor-widget-image\" data-id=\"87bc76b\" data-element_type=\"widget\" data-widget_type=\"image.default\">\n\t\t\t\t<div class=\"elementor-widget-container\">\n\t\t\t<style>\/*! elementor - v3.16.0 - 20-09-2023 *\/\n.elementor-widget-image{text-align:center}.elementor-widget-image a{display:inline-block}.elementor-widget-image a img[src$=\".svg\"]{width:48px}.elementor-widget-image img{vertical-align:middle;display:inline-block}<\/style>\t\t\t\t\t\t\t\t\t\t\t\t<img decoding=\"async\" loading=\"lazy\" width=\"600\" height=\"600\" src=\"https:\/\/iracerentals.com\/wp-content\/uploads\/2023\/01\/Team-4-1.jpg\" class=\"attachment-large size-large wp-image-449\" alt=\"\" srcset=\"https:\/\/iracerentals.com\/wp-content\/uploads\/2023\/01\/Team-4-1.jpg 600w, https:\/\/iracerentals.com\/wp-content\/uploads\/2023\/01\/Team-4-1-300x300.jpg 300w, https:\/\/iracerentals.com\/wp-content\/uploads\/2023\/01\/Team-4-1-150x150.jpg 150w\" sizes=\"(max-width: 600px) 100vw, 600px\" \/>\t\t\t\t\t\t\t\t\t\t\t\t\t\t\t<\/div>\n\t\t\t\t<\/div>\n\t\t\t\t\t<\/div>\n\t\t<\/div>\n\t\t\t\t<div class=\"elementor-column elementor-col-50 elementor-top-column elementor-element elementor-element-dcca5a1\" data-id=\"dcca5a1\" data-element_type=\"column\">\n\t\t\t<div class=\"elementor-widget-wrap elementor-element-populated\">\n\t\t\t\t\t\t\t\t<div class=\"elementor-element elementor-element-210e671 elementor-widget elementor-widget-heading\" data-id=\"210e671\" data-element_type=\"widget\" data-widget_type=\"heading.default\">\n\t\t\t\t<div class=\"elementor-widget-container\">\n\t\t\t<h2 class=\"elementor-heading-title elementor-size-default\">Estat\u00edsticas<\/h2>\t\t<\/div>\n\t\t\t\t<\/div>\n\t\t\t\t<div class=\"elementor-element elementor-element-59efdb4 elementor-widget elementor-widget-heading\" data-id=\"59efdb4\" data-element_type=\"widget\" data-widget_type=\"heading.default\">\n\t\t\t\t<div class=\"elementor-widget-container\">\n\t\t\t<h2 class=\"elementor-heading-title elementor-size-default\">Estat\u00edsticas Irace Rentals\n<\/h2>\t\t<\/div>\n\t\t\t\t<\/div>\n\t\t\t\t<div class=\"elementor-element elementor-element-c00be77 elementor-widget elementor-widget-text-editor\" data-id=\"c00be77\" data-element_type=\"widget\" data-widget_type=\"text-editor.default\">\n\t\t\t\t<div class=\"elementor-widget-container\">\n\t\t\t\t\t\t\t<p>Entregando continuamente uma experi\u00eancia \u00fanica aos nossos clientes.<\/p>\t\t\t\t\t\t<\/div>\n\t\t\t\t<\/div>\n\t\t\t\t<section class=\"elementor-section elementor-inner-section elementor-element elementor-element-119a4d1 elementor-section-boxed elementor-section-height-default elementor-section-height-default wpr-particle-no wpr-jarallax-no wpr-parallax-no wpr-sticky-section-no\" data-id=\"119a4d1\" data-element_type=\"section\">\n\t\t\t\t\t\t<div class=\"elementor-container elementor-column-gap-default\">\n\t\t\t\t\t<div class=\"elementor-column elementor-col-33 elementor-inner-column elementor-element elementor-element-b6fb7ac\" data-id=\"b6fb7ac\" data-element_type=\"column\">\n\t\t\t<div class=\"elementor-widget-wrap elementor-element-populated\">\n\t\t\t\t\t\t\t\t<div class=\"elementor-element elementor-element-2386478 elementor-widget elementor-widget-counter\" data-id=\"2386478\" data-element_type=\"widget\" data-widget_type=\"counter.default\">\n\t\t\t\t<div class=\"elementor-widget-container\">\n\t\t\t<style>\/*! elementor - v3.16.0 - 20-09-2023 *\/\n.elementor-counter .elementor-counter-number-wrapper{display:flex;font-size:69px;font-weight:600;line-height:1}.elementor-counter .elementor-counter-number-prefix,.elementor-counter .elementor-counter-number-suffix{flex-grow:1;white-space:pre-wrap}.elementor-counter .elementor-counter-number-prefix{text-align:right}.elementor-counter .elementor-counter-number-suffix{text-align:left}.elementor-counter .elementor-counter-title{text-align:center;font-size:19px;font-weight:400;line-height:2.5}<\/style>\t\t<div class=\"elementor-counter\">\n\t\t\t<div class=\"elementor-counter-number-wrapper\">\n\t\t\t\t<span class=\"elementor-counter-number-prefix\"><\/span>\n\t\t\t\t<span class=\"elementor-counter-number\" data-duration=\"2000\" data-to-value=\"2\" data-from-value=\"0\" data-delimiter=\",\">0<\/span>\n\t\t\t\t<span class=\"elementor-counter-number-suffix\"><\/span>\n\t\t\t<\/div>\n\t\t\t\t\t\t\t<div class=\"elementor-counter-title\">Anos de experi\u00eancia<\/div>\n\t\t\t\t\t<\/div>\n\t\t\t\t<\/div>\n\t\t\t\t<\/div>\n\t\t\t\t\t<\/div>\n\t\t<\/div>\n\t\t\t\t<div class=\"elementor-column elementor-col-33 elementor-inner-column elementor-element elementor-element-90c32a9\" data-id=\"90c32a9\" data-element_type=\"column\">\n\t\t\t<div class=\"elementor-widget-wrap elementor-element-populated\">\n\t\t\t\t\t\t\t\t<div class=\"elementor-element elementor-element-dee7b9f elementor-widget elementor-widget-counter\" data-id=\"dee7b9f\" data-element_type=\"widget\" data-widget_type=\"counter.default\">\n\t\t\t\t<div class=\"elementor-widget-container\">\n\t\t\t\t\t<div class=\"elementor-counter\">\n\t\t\t<div class=\"elementor-counter-number-wrapper\">\n\t\t\t\t<span class=\"elementor-counter-number-prefix\"><\/span>\n\t\t\t\t<span class=\"elementor-counter-number\" data-duration=\"2000\" data-to-value=\"300\" data-from-value=\"0\" data-delimiter=\",\">0<\/span>\n\t\t\t\t<span class=\"elementor-counter-number-suffix\"><\/span>\n\t\t\t<\/div>\n\t\t\t\t\t\t\t<div class=\"elementor-counter-title\">Ve\u00edculos alugados<\/div>\n\t\t\t\t\t<\/div>\n\t\t\t\t<\/div>\n\t\t\t\t<\/div>\n\t\t\t\t\t<\/div>\n\t\t<\/div>\n\t\t\t\t<div class=\"elementor-column elementor-col-33 elementor-inner-column elementor-element elementor-element-8abfde5 elementor-hidden-tablet elementor-hidden-mobile\" data-id=\"8abfde5\" data-element_type=\"column\">\n\t\t\t<div class=\"elementor-widget-wrap\">\n\t\t\t\t\t\t\t\t\t<\/div>\n\t\t<\/div>\n\t\t\t\t\t\t\t<\/div>\n\t\t<\/section>\n\t\t\t\t\t<\/div>\n\t\t<\/div>\n\t\t\t\t\t\t\t<\/div>\n\t\t<\/section>\n\t\t\t\t\t\t\t<\/div>","protected":false},"excerpt":{"rendered":"<p>professional irace rentals Discover the Convenience and Flexibility of Car Rental with Us. We offer a wide variety of vehicles to meet your travel needs. Book now and start your journey! CHECK OUR CATALOG OUR sERVICE Take a look at our catalog Take a look at our catalog and discover an exceptional selection of options [&hellip;]<\/p>","protected":false},"author":2,"featured_media":0,"parent":0,"menu_order":0,"comment_status":"closed","ping_status":"closed","template":"elementor_canvas","meta":{"_themeisle_gutenberg_block_has_review":false,"footnotes":""},"_links":{"self":[{"href":"https:\/\/iracerentals.com\/pt\/wp-json\/wp\/v2\/pages\/810"}],"collection":[{"href":"https:\/\/iracerentals.com\/pt\/wp-json\/wp\/v2\/pages"}],"about":[{"href":"https:\/\/iracerentals.com\/pt\/wp-json\/wp\/v2\/types\/page"}],"author":[{"embeddable":true,"href":"https:\/\/iracerentals.com\/pt\/wp-json\/wp\/v2\/users\/2"}],"replies":[{"embeddable":true,"href":"https:\/\/iracerentals.com\/pt\/wp-json\/wp\/v2\/comments?post=810"}],"version-history":[{"count":93,"href":"https:\/\/iracerentals.com\/pt\/wp-json\/wp\/v2\/pages\/810\/revisions"}],"predecessor-version":[{"id":1547,"href":"https:\/\/iracerentals.com\/pt\/wp-json\/wp\/v2\/pages\/810\/revisions\/1547"}],"wp:attachment":[{"href":"https:\/\/iracerentals.com\/pt\/wp-json\/wp\/v2\/media?parent=810"}],"curies":[{"name":"wp","href":"https:\/\/api.w.org\/{rel}","templated":true}]}}